{"id":3199,"date":"2017-10-19T07:54:39","date_gmt":"2017-10-19T07:54:39","guid":{"rendered":"http:\/\/korabud.com\/?page_id=3199"},"modified":"2021-07-01T13:28:18","modified_gmt":"2021-07-01T13:28:18","slug":"diese-kunden-schenkten-uns-ihr-vertrauen","status":"publish","type":"page","link":"https:\/\/www.korabud.com\/de\/diese-kunden-schenkten-uns-ihr-vertrauen\/","title":{"rendered":"Diese Kunden schenkten uns Ihr vertrauen"},"content":{"rendered":"\r\n\t\t<script type=\"text\/javascript\">\r\n\t\t\/* <![CDATA[ *\/\r\n\t\t\r\n\t\t(function($){\r\n\r\n\t\t\t$(document).ready(function(){\r\n\t\t\t\t\t\t\t\t\r\n\t\t\t\t$(\"#quoteSlider_utquote_69f5b1c828db7\").flexslider({\r\n\t\t\t\t\tuseCSS: false,  \r\n\t\t\t\t\tanimation: \"slide\",\r\n\t\t\t\t\t\r\n\t\t\t\t\t\r\n\t\t\t\t\tdirectionNav:true,\r\n\t\t\t\t\tcontrolNav:false,\t\t\r\n\t\t\t\t\tsmoothHeight: true,\r\n\t\t\t\t\tanimationLoop:true,\r\n\t\t\t\t\tslideshowSpeed: 9000,\r\n    \t\t\t\tprevText: \"\",\r\n    \t\t\t\tnextText: \"\"   \r\n\t\t\t\t});\r\n\t\t\r\n\t\t\t});\r\n\r\n\t\t})(jQuery);\r\n\t\t\r\n\t\t \/* ]]> *\/\t\r\n\t\t<\/script><div class=\"ut-testimonials  ut-column-last\"><div class=\"ut-rotate-quote-alt flexslider\" id=\"quoteSlider_utquote_69f5b1c828db7\"><ul class=\"slides\">\n<li><i class=\"ut-rq-icon fa fa-quote-right\"><\/i><h2 class=\"ut-quote-comment\"> Die Arbeiten wurden rechtzeitig mit Sorgfalt, entsprechend dem Vertragsumfang und den geltenden Vorschriften abgeschlossen. <\/h2><span class=\"ut-quote-name\">ZBM-TBM Zabrze<\/span><\/li>\n<li><i class=\"ut-rq-icon fa fa-quote-right\"><\/i><h2 class=\"ut-quote-comment\"> W\u00e4hrend der Arbeiten wurden moderne Technologien und Materialien verwendet. Bei anstehenden Bauarbeiten k\u00f6nnen wir jedem die Baufirma KORABUD empfehlen, die als zuverl\u00e4ssiger, solider und kompetenter Partner in der Baubranche gilt. <\/h2><span class=\"ut-quote-name\">B\u00fcrgermeister der Gemeinde Gieraltowice<\/span><\/li>\n<li><i class=\"ut-rq-icon fa fa-quote-right\"><\/i><h2 class=\"ut-quote-comment\"> Die Baufirma KORABUD besch\u00e4ftigt Mitarbeiter mit langj\u00e4hriger Erfahrung, die sich in der Durchf\u00fchrung von Arbeiten, der Organisation am Arbeitsplatz und in der Arbeitsqualit\u00e4t sehen l\u00e4sst. <\/h2><span class=\"ut-quote-name\">P.W. Alianshalten<\/span><\/li>\n<li><i class=\"ut-rq-icon fa fa-quote-right\"><\/i><h2 class=\"ut-quote-comment\"> Wir best\u00e4tigen, dass die Arbeiten in \u00dcbereinstimmung mit den Regeln des Geb\u00e4udes gemacht und ordnungsgem\u00e4\u00df abgeschlossen wurden. Auf der Baustelle wurde vorbildlich gearbeitet und diese anschlie\u00dfend ordentlich hinterlassen. <\/h2><span class=\"ut-quote-name\">Hausverwalter Wiktor Tokarz<\/span><\/li>\n<li><i class=\"ut-rq-icon fa fa-quote-right\"><\/i><h2 class=\"ut-quote-comment\"> Die oben genannten Arbeiten wurden in angemessener Weise und in \u00dcbereinstimmung mit den Prinzipien der Baukunst mit einem dreiw\u00f6chigen verk\u00fcrzten Termin vollst\u00e4ndig abgeschlossen. <\/h2><span class=\"ut-quote-name\">GZUT<\/span><\/li>\n<li><i class=\"ut-rq-icon fa fa-quote-right\"><\/i><h2 class=\"ut-quote-comment\"> Die Bauarbeiten wurden auf faire und professionelle Art und Weise gem\u00e4\u00df der Baukunst und dem geltenden technischen Bedingungen durchgef\u00fchrt. <\/h2><span class=\"ut-quote-name\">Glassolutions Saint-Gobain<\/span><\/li>\n<li><i class=\"ut-rq-icon fa fa-quote-right\"><\/i><h2 class=\"ut-quote-comment\"> Die Zusammenarbeit mit dem Investor und die Professionalit\u00e4t des Auftragnehmers ist f\u00fcr andere Investoren lobenswert. <\/h2><span class=\"ut-quote-name\">DRAMAX<\/span><\/li>\n<li><i class=\"ut-rq-icon fa fa-quote-right\"><\/i><h2 class=\"ut-quote-comment\"> Der Auftragnehmer hat die Arbeiten rechtzeitig abgeschlossen. Sie wurden mit gr\u00f6\u00dfter Sorgfalt und entsprechend dem festgelegten Umfang komplett ausgef\u00fchrt. <\/h2><span class=\"ut-quote-name\">MDK Gliwice<\/span><\/li>\n<li><i class=\"ut-rq-icon fa fa-quote-right\"><\/i><h2 class=\"ut-quote-comment\"> Wir best\u00e4tigen, dass die Arbeiten in \u00dcbereinstimmung mit den Bauvorschriften Ordnungsgem\u00e4\u00df durchgef\u00fchrt wurden. Der Bau wurde mit beispielhafter Ordnung gef\u00fchrt. <\/h2><span class=\"ut-quote-name\">PW Administrator Roman Sylwestrzak<\/span><\/li>\n<li><i class=\"ut-rq-icon fa fa-quote-right\"><\/i><h2 class=\"ut-quote-comment\"> Wir halten fest, dass das Bauunternehmen KORABUD Adam Kordek ul. Chorzowska 58, die anvertrauten Werke mit der gebotenen Sorgfalt gem\u00e4\u00df dem festgelegten Geltungsbereich f\u00fchrte. <\/h2><span class=\"ut-quote-name\">ZBM Sp. Z o.o. Bytom<\/span><\/li>\n<li><i class=\"ut-rq-icon fa fa-quote-right\"><\/i><h2 class=\"ut-quote-comment\"> Das Unternehmen erf\u00fcllte die Aufgaben mit einem hohen Ma\u00df an Ehrlichkeit und Sorgfalt. <\/h2><span class=\"ut-quote-name\">ZBM I TBS Gliwice<\/span><\/li>\n<\/ul><\/div><\/div>\n<p>&nbsp;<\/p>\n","protected":false},"excerpt":{"rendered":"<p>&nbsp;<\/p>\n","protected":false},"author":1,"featured_media":0,"parent":0,"menu_order":26,"comment_status":"closed","ping_status":"open","template":"","meta":{"footnotes":""},"class_list":["post-3199","page","type-page","status-publish","hentry"],"yoast_head":"<!-- This site is optimized with the Yoast SEO plugin v23.6 - https:\/\/yoast.com\/wordpress\/plugins\/seo\/ -->\n<title>Diese Kunden schenkten uns Ihr vertrauen - Korabud<\/title>\n<meta name=\"robots\" content=\"index, follow, max-snippet:-1, max-image-preview:large, max-video-preview:-1\" \/>\n<link rel=\"canonical\" href=\"https:\/\/www.korabud.com\/de\/diese-kunden-schenkten-uns-ihr-vertrauen\/\" \/>\n<meta property=\"og:locale\" content=\"de_DE\" \/>\n<meta property=\"og:type\" content=\"article\" \/>\n<meta property=\"og:title\" content=\"Diese Kunden schenkten uns Ihr vertrauen - Korabud\" \/>\n<meta property=\"og:description\" content=\"&nbsp;\" \/>\n<meta property=\"og:url\" content=\"https:\/\/www.korabud.com\/de\/diese-kunden-schenkten-uns-ihr-vertrauen\/\" \/>\n<meta property=\"og:site_name\" content=\"Korabud\" \/>\n<meta property=\"article:modified_time\" content=\"2021-07-01T13:28:18+00:00\" \/>\n<meta name=\"twitter:card\" content=\"summary_large_image\" \/>\n<meta name=\"twitter:label1\" content=\"Gesch\u00e4tzte Lesezeit\" \/>\n\t<meta name=\"twitter:data1\" content=\"2 Minuten\" \/>\n<script type=\"application\/ld+json\" class=\"yoast-schema-graph\">{\"@context\":\"https:\/\/schema.org\",\"@graph\":[{\"@type\":\"WebPage\",\"@id\":\"https:\/\/www.korabud.com\/de\/diese-kunden-schenkten-uns-ihr-vertrauen\/\",\"url\":\"https:\/\/www.korabud.com\/de\/diese-kunden-schenkten-uns-ihr-vertrauen\/\",\"name\":\"Diese Kunden schenkten uns Ihr vertrauen - Korabud\",\"isPartOf\":{\"@id\":\"https:\/\/korabud.com\/#website\"},\"datePublished\":\"2017-10-19T07:54:39+00:00\",\"dateModified\":\"2021-07-01T13:28:18+00:00\",\"breadcrumb\":{\"@id\":\"https:\/\/www.korabud.com\/de\/diese-kunden-schenkten-uns-ihr-vertrauen\/#breadcrumb\"},\"inLanguage\":\"de-DE\",\"potentialAction\":[{\"@type\":\"ReadAction\",\"target\":[\"https:\/\/www.korabud.com\/de\/diese-kunden-schenkten-uns-ihr-vertrauen\/\"]}]},{\"@type\":\"BreadcrumbList\",\"@id\":\"https:\/\/www.korabud.com\/de\/diese-kunden-schenkten-uns-ihr-vertrauen\/#breadcrumb\",\"itemListElement\":[{\"@type\":\"ListItem\",\"position\":1,\"name\":\"Strona g\u0142\u00f3wna\",\"item\":\"https:\/\/www.korabud.com\/de\/\"},{\"@type\":\"ListItem\",\"position\":2,\"name\":\"Diese Kunden schenkten uns Ihr vertrauen\"}]},{\"@type\":\"WebSite\",\"@id\":\"https:\/\/korabud.com\/#website\",\"url\":\"https:\/\/korabud.com\/\",\"name\":\"Korabud\",\"description\":\"kompleksowe us\u0142ugi budowlane!\",\"potentialAction\":[{\"@type\":\"SearchAction\",\"target\":{\"@type\":\"EntryPoint\",\"urlTemplate\":\"https:\/\/korabud.com\/?s={search_term_string}\"},\"query-input\":{\"@type\":\"PropertyValueSpecification\",\"valueRequired\":true,\"valueName\":\"search_term_string\"}}],\"inLanguage\":\"de-DE\"}]}<\/script>\n<!-- \/ Yoast SEO plugin. -->","yoast_head_json":{"title":"Diese Kunden schenkten uns Ihr vertrauen - Korabud","robots":{"index":"index","follow":"follow","max-snippet":"max-snippet:-1","max-image-preview":"max-image-preview:large","max-video-preview":"max-video-preview:-1"},"canonical":"https:\/\/www.korabud.com\/de\/diese-kunden-schenkten-uns-ihr-vertrauen\/","og_locale":"de_DE","og_type":"article","og_title":"Diese Kunden schenkten uns Ihr vertrauen - Korabud","og_description":"&nbsp;","og_url":"https:\/\/www.korabud.com\/de\/diese-kunden-schenkten-uns-ihr-vertrauen\/","og_site_name":"Korabud","article_modified_time":"2021-07-01T13:28:18+00:00","twitter_card":"summary_large_image","twitter_misc":{"Gesch\u00e4tzte Lesezeit":"2 Minuten"},"schema":{"@context":"https:\/\/schema.org","@graph":[{"@type":"WebPage","@id":"https:\/\/www.korabud.com\/de\/diese-kunden-schenkten-uns-ihr-vertrauen\/","url":"https:\/\/www.korabud.com\/de\/diese-kunden-schenkten-uns-ihr-vertrauen\/","name":"Diese Kunden schenkten uns Ihr vertrauen - Korabud","isPartOf":{"@id":"https:\/\/korabud.com\/#website"},"datePublished":"2017-10-19T07:54:39+00:00","dateModified":"2021-07-01T13:28:18+00:00","breadcrumb":{"@id":"https:\/\/www.korabud.com\/de\/diese-kunden-schenkten-uns-ihr-vertrauen\/#breadcrumb"},"inLanguage":"de-DE","potentialAction":[{"@type":"ReadAction","target":["https:\/\/www.korabud.com\/de\/diese-kunden-schenkten-uns-ihr-vertrauen\/"]}]},{"@type":"BreadcrumbList","@id":"https:\/\/www.korabud.com\/de\/diese-kunden-schenkten-uns-ihr-vertrauen\/#breadcrumb","itemListElement":[{"@type":"ListItem","position":1,"name":"Strona g\u0142\u00f3wna","item":"https:\/\/www.korabud.com\/de\/"},{"@type":"ListItem","position":2,"name":"Diese Kunden schenkten uns Ihr vertrauen"}]},{"@type":"WebSite","@id":"https:\/\/korabud.com\/#website","url":"https:\/\/korabud.com\/","name":"Korabud","description":"kompleksowe us\u0142ugi budowlane!","potentialAction":[{"@type":"SearchAction","target":{"@type":"EntryPoint","urlTemplate":"https:\/\/korabud.com\/?s={search_term_string}"},"query-input":{"@type":"PropertyValueSpecification","valueRequired":true,"valueName":"search_term_string"}}],"inLanguage":"de-DE"}]}},"_links":{"self":[{"href":"https:\/\/www.korabud.com\/de\/wp-json\/wp\/v2\/pages\/3199"}],"collection":[{"href":"https:\/\/www.korabud.com\/de\/wp-json\/wp\/v2\/pages"}],"about":[{"href":"https:\/\/www.korabud.com\/de\/wp-json\/wp\/v2\/types\/page"}],"author":[{"embeddable":true,"href":"https:\/\/www.korabud.com\/de\/wp-json\/wp\/v2\/users\/1"}],"replies":[{"embeddable":true,"href":"https:\/\/www.korabud.com\/de\/wp-json\/wp\/v2\/comments?post=3199"}],"version-history":[{"count":2,"href":"https:\/\/www.korabud.com\/de\/wp-json\/wp\/v2\/pages\/3199\/revisions"}],"predecessor-version":[{"id":3201,"href":"https:\/\/www.korabud.com\/de\/wp-json\/wp\/v2\/pages\/3199\/revisions\/3201"}],"wp:attachment":[{"href":"https:\/\/www.korabud.com\/de\/wp-json\/wp\/v2\/media?parent=3199"}],"curies":[{"name":"wp","href":"https:\/\/api.w.org\/{rel}","templated":true}]}}